{"id":32,"date":"2022-08-29T12:13:18","date_gmt":"2022-08-29T12:13:18","guid":{"rendered":"https:\/\/gada.com.tr\/?page_id=32"},"modified":"2022-12-08T14:16:50","modified_gmt":"2022-12-08T14:16:50","slug":"iletisim","status":"publish","type":"page","link":"https:\/\/gada.com.tr\/?page_id=32","title":{"rendered":"\u0130LET\u0130\u015e\u0130M"},"content":{"rendered":"\n<p><\/p>\n\n\n\n<p>\u0130\u00c7ERENK\u00d6Y MAHALLES\u0130 TOP\u00c7U \u0130BRAH\u0130M SOKAK S\u00d6NMEZ 2 APT. NO:2<\/p>\n\n\n\n<p>ATA\u015eEH\u0130R \/ \u0130STANBUL<\/p>\n\n\n\n<p><strong>TEL: 0(216)573 86 86 GSM: 0(533)475 05 69<\/strong><\/p>\n","protected":false},"excerpt":{"rendered":"<p>\u0130\u00c7ERENK\u00d6Y MAHALLES\u0130 TOP\u00c7U \u0130BRAH\u0130M SOKAK S\u00d6NMEZ 2 APT. NO:2 ATA\u015eEH\u0130R \/ \u0130STANBUL TEL: 0(216)573 [&hellip;]<\/p>\n","protected":false},"author":1,"featured_media":0,"parent":0,"menu_order":0,"comment_status":"closed","ping_status":"closed","template":"","meta":{"footnotes":""},"class_list":["post-32","page","type-page","status-publish","hentry"],"_links":{"self":[{"href":"https:\/\/gada.com.tr\/index.php?rest_route=\/wp\/v2\/pages\/32","targetHints":{"allow":["GET"]}}],"collection":[{"href":"https:\/\/gada.com.tr\/index.php?rest_route=\/wp\/v2\/pages"}],"about":[{"href":"https:\/\/gada.com.tr\/index.php?rest_route=\/wp\/v2\/types\/page"}],"author":[{"embeddable":true,"href":"https:\/\/gada.com.tr\/index.php?rest_route=\/wp\/v2\/users\/1"}],"replies":[{"embeddable":true,"href":"https:\/\/gada.com.tr\/index.php?rest_route=%2Fwp%2Fv2%2Fcomments&post=32"}],"version-history":[{"count":3,"href":"https:\/\/gada.com.tr\/index.php?rest_route=\/wp\/v2\/pages\/32\/revisions"}],"predecessor-version":[{"id":76,"href":"https:\/\/gada.com.tr\/index.php?rest_route=\/wp\/v2\/pages\/32\/revisions\/76"}],"wp:attachment":[{"href":"https:\/\/gada.com.tr\/index.php?rest_route=%2Fwp%2Fv2%2Fmedia&parent=32"}],"curies":[{"name":"wp","href":"https:\/\/api.w.org\/{rel}","templated":true}]}}